{"id":8,"date":"2025-06-18T07:47:11","date_gmt":"2025-06-18T07:47:11","guid":{"rendered":"https:\/\/xn--ljg-lentfhrden-3pb.de\/index.php\/front_page\/"},"modified":"2025-06-18T07:47:11","modified_gmt":"2025-06-18T07:47:11","slug":"front_page","status":"publish","type":"page","link":"https:\/\/ljg-lentf\u00f6hrden.de\/","title":{"rendered":"Startseite"},"content":{"rendered":"\n<p><\/p>\n\n\n\n<p>Dies ist die offizielle Homepage der Landjugend Lentf\u00f6hrden.<\/p>\n\n\n\n<p>Die Landjugend Lentf\u00f6hrden wurde am 30. Januar 2018 gegr\u00fcndet. Derzeit z\u00e4hlen wir 70 M\u00e4dels und Jungs im Alter von 14-46 Jahren zu unseren Mitgliedern.<\/p>\n\n\n\n<p>Mit der Landjugend machen wir viele verschiedene Aktivit\u00e4ten zusammen. Neben dem organisieren und durchf\u00fchren von Feten, Veranstaltungen und Spieleabenden, treffen wir uns auch regelm\u00e4\u00dfig einfach nur so um die Gemeinschaft in unserer Gruppe zu st\u00e4rken.<br>Die Mitarbeit und die Einbringung im Dorf ist uns sehr wichtig und deshalb nehmen wir sehr gerne an vielen Dorfereignissen teil.<\/p>\n\n\n\n<p>Auch viele Aktionen und Seminare beim Landjugendverband Schleswig-Holstein werden jedes Jahr f\u00fcr die Mitglieder der Landjugenden des ganzen Landes angeboten. Die Teilnahme an Unternehmungen vom Landjugendverband ist ausnahmslos freiwillig<\/p>\n","protected":false},"excerpt":{"rendered":"<p>Dies ist die offizielle Homepage der Landjugend Lentf\u00f6hrden. Die Landjugend Lentf\u00f6hrden wurde am 30. Januar 2018 gegr\u00fcndet. Derzeit z\u00e4hlen wir 70 M\u00e4dels und Jungs im Alter von 14-46 Jahren zu unseren Mitgliedern. Mit der Landjugend machen wir viele verschiedene Aktivit\u00e4ten zusammen. Neben dem organisieren und durchf\u00fchren von Feten, Veranstaltungen und Spieleabenden, treffen wir uns auch [&hellip;]<\/p>\n","protected":false},"author":1,"featured_media":0,"parent":0,"menu_order":0,"comment_status":"closed","ping_status":"closed","template":"","meta":{"footnotes":""},"class_list":["post-8","page","type-page","status-publish","hentry"],"_links":{"self":[{"href":"https:\/\/ljg-lentf\u00f6hrden.de\/index.php?rest_route=\/wp\/v2\/pages\/8","targetHints":{"allow":["GET"]}}],"collection":[{"href":"https:\/\/ljg-lentf\u00f6hrden.de\/index.php?rest_route=\/wp\/v2\/pages"}],"about":[{"href":"https:\/\/ljg-lentf\u00f6hrden.de\/index.php?rest_route=\/wp\/v2\/types\/page"}],"author":[{"embeddable":true,"href":"https:\/\/ljg-lentf\u00f6hrden.de\/index.php?rest_route=\/wp\/v2\/users\/1"}],"replies":[{"embeddable":true,"href":"https:\/\/ljg-lentf\u00f6hrden.de\/index.php?rest_route=%2Fwp%2Fv2%2Fcomments&post=8"}],"version-history":[{"count":0,"href":"https:\/\/ljg-lentf\u00f6hrden.de\/index.php?rest_route=\/wp\/v2\/pages\/8\/revisions"}],"wp:attachment":[{"href":"https:\/\/ljg-lentf\u00f6hrden.de\/index.php?rest_route=%2Fwp%2Fv2%2Fmedia&parent=8"}],"curies":[{"name":"wp","href":"https:\/\/api.w.org\/{rel}","templated":true}]}}